{"id":33622,"date":"2026-02-19T15:49:02","date_gmt":"2026-02-19T14:49:02","guid":{"rendered":"https:\/\/crossculture-academy.com\/?page_id=33622"},"modified":"2026-02-24T04:37:49","modified_gmt":"2026-02-24T03:37:49","slug":"staycurious-trainer-excellence-award","status":"publish","type":"page","link":"https:\/\/crossculture-academy.com\/de\/ueber-uns\/staycurious-trainer-excellence-award\/","title":{"rendered":"#STAYCURIOUS Trainer Excellence Award"},"content":{"rendered":"\t\t<div data-elementor-type=\"wp-page\" data-elementor-id=\"33622\" class=\"elementor elementor-33622 elementor-33586\" data-elementor-post-type=\"page\">\n\t\t\t\t<div class=\"elementor-element elementor-element-500f8bc e-flex e-con-boxed e-con e-parent\" data-id=\"500f8bc\" data-element_type=\"container\" data-e-type=\"container\" data-settings=\"{&quot;background_background&quot;:&quot;classic&quot;}\">\n\t\t\t\t\t<div class=\"e-con-inner\">\n\t\t\t\t<div class=\"elementor-element elementor-element-10557b2 elementor-widget elementor-widget-image\" data-id=\"10557b2\" data-element_type=\"widget\" data-e-type=\"widget\" data-widget_type=\"image.default\">\n\t\t\t\t<div class=\"elementor-widget-container\">\n\t\t\t\t\t\t\t\t\t\t\t\t\t\t\t<img fetchpriority=\"high\" decoding=\"async\" width=\"1200\" height=\"1200\" src=\"https:\/\/crossculture-academy.com\/wp-content\/uploads\/2026\/02\/Landingpage-Grafik-1.png\" class=\"attachment-full size-full wp-image-33670\" alt=\"\" srcset=\"https:\/\/crossculture-academy.com\/wp-content\/uploads\/2026\/02\/Landingpage-Grafik-1.png 1200w, https:\/\/crossculture-academy.com\/wp-content\/uploads\/2026\/02\/Landingpage-Grafik-1-300x300.png 300w, https:\/\/crossculture-academy.com\/wp-content\/uploads\/2026\/02\/Landingpage-Grafik-1-1024x1024.png 1024w, https:\/\/crossculture-academy.com\/wp-content\/uploads\/2026\/02\/Landingpage-Grafik-1-150x150.png 150w, https:\/\/crossculture-academy.com\/wp-content\/uploads\/2026\/02\/Landingpage-Grafik-1-768x768.png 768w\" sizes=\"(max-width: 1200px) 100vw, 1200px\" title=\"\">\t\t\t\t\t\t\t\t\t\t\t\t\t\t\t<\/div>\n\t\t\t\t<\/div>\n\t\t\t\t<div class=\"elementor-element elementor-element-4528ce6 elementor-widget elementor-widget-heading\" data-id=\"4528ce6\" data-element_type=\"widget\" data-e-type=\"widget\" data-widget_type=\"heading.default\">\n\t\t\t\t<div class=\"elementor-widget-container\">\n\t\t\t\t\t<h1 class=\"elementor-heading-title elementor-size-default\">Trainer Excellence Award<\/h1>\t\t\t\t<\/div>\n\t\t\t\t<\/div>\n\t\t\t\t\t<\/div>\n\t\t\t\t<\/div>\n\t\t<div class=\"elementor-element elementor-element-94c3bdb e-flex e-con-boxed e-con e-parent\" data-id=\"94c3bdb\" data-element_type=\"container\" data-e-type=\"container\">\n\t\t\t\t\t<div class=\"e-con-inner\">\n\t\t<div class=\"elementor-element elementor-element-bd0c8a2 e-con-full e-flex e-con e-child\" data-id=\"bd0c8a2\" data-element_type=\"container\" data-e-type=\"container\">\n\t\t<div class=\"elementor-element elementor-element-967bb52 e-con-full e-flex e-con e-child\" data-id=\"967bb52\" data-element_type=\"container\" data-e-type=\"container\">\n\t\t\t\t<div class=\"elementor-element elementor-element-36eb394 elementor-widget elementor-widget-heading\" data-id=\"36eb394\" data-element_type=\"widget\" data-e-type=\"widget\" data-widget_type=\"heading.default\">\n\t\t\t\t<div class=\"elementor-widget-container\">\n\t\t\t\t\t<h2 class=\"elementor-heading-title elementor-size-default\">Anerkennung herausragender Leistung und Professionalit\u00e4t<\/h2>\t\t\t\t<\/div>\n\t\t\t\t<\/div>\n\t\t\t\t<div class=\"elementor-element elementor-element-0de19ce elementor-widget elementor-widget-heading\" data-id=\"0de19ce\" data-element_type=\"widget\" data-e-type=\"widget\" data-widget_type=\"heading.default\">\n\t\t\t\t<div class=\"elementor-widget-container\">\n\t\t\t\t\t<h2 class=\"elementor-heading-title elementor-size-default\">Die crossculture academy ehrt au\u00dfergew\u00f6hnliche Trainerinnen und Trainer, die sich durch Exzellenz in Zusammenarbeit, Durchf\u00fchrung und Partnerschaft auszeichnen. Mit dem #staycurious Trainer Excellence Award w\u00fcrdigen wir Pers\u00f6nlichkeiten, die unsere gemeinsamen Werte, Qualit\u00e4t, Flexibilit\u00e4t und proaktive Partnerschaft, verk\u00f6rpern und damit ma\u00dfgeblich zum Erfolg unseres globalen Trainingsnetzwerks beitragen.\n<br> <\/br>\nDer Award zeichnet Trainerinnen und Trainer aus, deren Arbeit nachhaltig Wirksamkeit entfaltet, insbesondere in Kontexten, in denen kulturelle Sensibilit\u00e4t und situatives Feingef\u00fchl entscheidend sind.\n<br> <\/br>\nDie Auszeichnung steht f\u00fcr gelebte Qualit\u00e4t in der Praxis: f\u00fcr Flexibilit\u00e4t ohne Strukturverlust, verl\u00e4ssliche Prozesse, klare und zeitnahe Kommunikation sowie ein gemeinsames Verst\u00e4ndnis von partnerschaftlicher Zusammenarbeit.\n<br> <\/br>\nWir freuen uns sehr, die Standards sichtbar zu machen, die unsere Arbeit leiten, und die Menschen zu w\u00fcrdigen, die diese \u00fcber Jahre hinweg mit Engagement und Professionalit\u00e4t tragen.<\/h2>\t\t\t\t<\/div>\n\t\t\t\t<\/div>\n\t\t\t\t<\/div>\n\t\t\t\t<\/div>\n\t\t\t\t\t<\/div>\n\t\t\t\t<\/div>\n\t\t\t\t<section class=\"elementor-section elementor-top-section elementor-element elementor-element-57fa265 elementor-section-boxed elementor-section-height-default elementor-section-height-default\" data-id=\"57fa265\" data-element_type=\"section\" data-e-type=\"section\">\n\t\t\t\t\t\t<div class=\"elementor-container elementor-column-gap-default\">\n\t\t\t\t\t<div class=\"elementor-column elementor-col-100 elementor-top-column elementor-element elementor-element-b2444df\" data-id=\"b2444df\" data-element_type=\"column\" data-e-type=\"column\">\n\t\t\t<div class=\"elementor-widget-wrap elementor-element-populated\">\n\t\t\t\t\t\t<div class=\"elementor-element elementor-element-8fa897e elementor-widget elementor-widget-heading\" data-id=\"8fa897e\" data-element_type=\"widget\" data-e-type=\"widget\" data-widget_type=\"heading.default\">\n\t\t\t\t<div class=\"elementor-widget-container\">\n\t\t\t\t\t<h2 class=\"elementor-heading-title elementor-size-default\">Hall of Fame\n<\/h2>\t\t\t\t<\/div>\n\t\t\t\t<\/div>\n\t\t\t\t<div class=\"elementor-element elementor-element-58a62b2 elementor-widget elementor-widget-text-editor\" data-id=\"58a62b2\" data-element_type=\"widget\" data-e-type=\"widget\" data-widget_type=\"text-editor.default\">\n\t\t\t\t<div class=\"elementor-widget-container\">\n\t\t\t\t\t\t\t\t\t<p>Die Gewinner 2026 sind:<\/p>\t\t\t\t\t\t\t\t<\/div>\n\t\t\t\t<\/div>\n\t\t\t\t\t<\/div>\n\t\t<\/div>\n\t\t\t\t\t<\/div>\n\t\t<\/section>\n\t\t\t\t<section class=\"elementor-section elementor-top-section elementor-element elementor-element-f80abfd elementor-section-boxed elementor-section-height-default elementor-section-height-default\" data-id=\"f80abfd\" data-element_type=\"section\" data-e-type=\"section\">\n\t\t\t\t\t\t<div class=\"elementor-container elementor-column-gap-default\">\n\t\t\t\t\t<div class=\"elementor-column elementor-col-33 elementor-top-column elementor-element elementor-element-f7601e2\" data-id=\"f7601e2\" data-element_type=\"column\" data-e-type=\"column\">\n\t\t\t<div class=\"elementor-widget-wrap elementor-element-populated\">\n\t\t\t\t\t\t<div class=\"elementor-element elementor-element-d4f0931 elementor-invisible elementor-widget elementor-widget-heading\" data-id=\"d4f0931\" data-element_type=\"widget\" data-e-type=\"widget\" data-settings=\"{&quot;_animation&quot;:&quot;fadeIn&quot;}\" data-widget_type=\"heading.default\">\n\t\t\t\t<div class=\"elementor-widget-container\">\n\t\t\t\t\t<h2 class=\"elementor-heading-title elementor-size-default\">Gold: Xueli Yuan\n<\/h2>\t\t\t\t<\/div>\n\t\t\t\t<\/div>\n\t\t\t\t<div class=\"elementor-element elementor-element-7ade0d3 elementor-invisible elementor-widget elementor-widget-image\" data-id=\"7ade0d3\" data-element_type=\"widget\" data-e-type=\"widget\" data-settings=\"{&quot;_animation&quot;:&quot;fadeIn&quot;}\" data-widget_type=\"image.default\">\n\t\t\t\t<div class=\"elementor-widget-container\">\n\t\t\t\t\t\t\t\t\t\t\t\t\t\t\t<img decoding=\"async\" width=\"904\" height=\"904\" src=\"https:\/\/crossculture-academy.com\/wp-content\/uploads\/2026\/02\/Bild-Award-Xueli-Yuan.jpg\" class=\"attachment-full size-full wp-image-33634\" alt=\"\" srcset=\"https:\/\/crossculture-academy.com\/wp-content\/uploads\/2026\/02\/Bild-Award-Xueli-Yuan.jpg 904w, https:\/\/crossculture-academy.com\/wp-content\/uploads\/2026\/02\/Bild-Award-Xueli-Yuan-300x300.jpg 300w, https:\/\/crossculture-academy.com\/wp-content\/uploads\/2026\/02\/Bild-Award-Xueli-Yuan-150x150.jpg 150w, https:\/\/crossculture-academy.com\/wp-content\/uploads\/2026\/02\/Bild-Award-Xueli-Yuan-768x768.jpg 768w\" sizes=\"(max-width: 904px) 100vw, 904px\" title=\"\">\t\t\t\t\t\t\t\t\t\t\t\t\t\t\t<\/div>\n\t\t\t\t<\/div>\n\t\t\t\t\t<\/div>\n\t\t<\/div>\n\t\t\t\t<div class=\"elementor-column elementor-col-33 elementor-top-column elementor-element elementor-element-994f91c\" data-id=\"994f91c\" data-element_type=\"column\" data-e-type=\"column\">\n\t\t\t<div class=\"elementor-widget-wrap elementor-element-populated\">\n\t\t\t\t\t\t<div class=\"elementor-element elementor-element-d1f6840 elementor-invisible elementor-widget elementor-widget-heading\" data-id=\"d1f6840\" data-element_type=\"widget\" data-e-type=\"widget\" data-settings=\"{&quot;_animation&quot;:&quot;fadeIn&quot;}\" data-widget_type=\"heading.default\">\n\t\t\t\t<div class=\"elementor-widget-container\">\n\t\t\t\t\t<h2 class=\"elementor-heading-title elementor-size-default\">Silber: Vanessa Paisley<\/h2>\t\t\t\t<\/div>\n\t\t\t\t<\/div>\n\t\t\t\t<div class=\"elementor-element elementor-element-817b120 elementor-invisible elementor-widget elementor-widget-image\" data-id=\"817b120\" data-element_type=\"widget\" data-e-type=\"widget\" data-settings=\"{&quot;_animation&quot;:&quot;fadeIn&quot;}\" data-widget_type=\"image.default\">\n\t\t\t\t<div class=\"elementor-widget-container\">\n\t\t\t\t\t\t\t\t\t\t\t\t\t\t\t<img decoding=\"async\" width=\"800\" height=\"800\" src=\"https:\/\/crossculture-academy.com\/wp-content\/uploads\/2026\/02\/Bild-Award-Vanessa-Paisley-1024x1024.jpeg\" class=\"attachment-large size-large wp-image-33619\" alt=\"\" srcset=\"https:\/\/crossculture-academy.com\/wp-content\/uploads\/2026\/02\/Bild-Award-Vanessa-Paisley-1024x1024.jpeg 1024w, https:\/\/crossculture-academy.com\/wp-content\/uploads\/2026\/02\/Bild-Award-Vanessa-Paisley-300x300.jpeg 300w, https:\/\/crossculture-academy.com\/wp-content\/uploads\/2026\/02\/Bild-Award-Vanessa-Paisley-150x150.jpeg 150w, https:\/\/crossculture-academy.com\/wp-content\/uploads\/2026\/02\/Bild-Award-Vanessa-Paisley-768x768.jpeg 768w, https:\/\/crossculture-academy.com\/wp-content\/uploads\/2026\/02\/Bild-Award-Vanessa-Paisley-1536x1536.jpeg 1536w, https:\/\/crossculture-academy.com\/wp-content\/uploads\/2026\/02\/Bild-Award-Vanessa-Paisley.jpeg 2048w\" sizes=\"(max-width: 800px) 100vw, 800px\" title=\"\">\t\t\t\t\t\t\t\t\t\t\t\t\t\t\t<\/div>\n\t\t\t\t<\/div>\n\t\t\t\t\t<\/div>\n\t\t<\/div>\n\t\t\t\t<div class=\"elementor-column elementor-col-33 elementor-top-column elementor-element elementor-element-19f205f\" data-id=\"19f205f\" data-element_type=\"column\" data-e-type=\"column\">\n\t\t\t<div class=\"elementor-widget-wrap elementor-element-populated\">\n\t\t\t\t\t\t<div class=\"elementor-element elementor-element-b8c7371 elementor-invisible elementor-widget elementor-widget-heading\" data-id=\"b8c7371\" data-element_type=\"widget\" data-e-type=\"widget\" data-settings=\"{&quot;_animation&quot;:&quot;fadeIn&quot;}\" data-widget_type=\"heading.default\">\n\t\t\t\t<div class=\"elementor-widget-container\">\n\t\t\t\t\t<h2 class=\"elementor-heading-title elementor-size-default\">Bronze: Anik\u00f3 Uj\n<\/h2>\t\t\t\t<\/div>\n\t\t\t\t<\/div>\n\t\t\t\t<div class=\"elementor-element elementor-element-93235bf elementor-invisible elementor-widget elementor-widget-image\" data-id=\"93235bf\" data-element_type=\"widget\" data-e-type=\"widget\" data-settings=\"{&quot;_animation&quot;:&quot;fadeIn&quot;}\" data-widget_type=\"image.default\">\n\t\t\t\t<div class=\"elementor-widget-container\">\n\t\t\t\t\t\t\t\t\t\t\t\t\t\t\t<img loading=\"lazy\" decoding=\"async\" width=\"800\" height=\"800\" src=\"https:\/\/crossculture-academy.com\/wp-content\/uploads\/2026\/02\/Bild-Award-Aniko-Uj-1024x1024.jpeg\" class=\"attachment-large size-large wp-image-33620\" alt=\"\" srcset=\"https:\/\/crossculture-academy.com\/wp-content\/uploads\/2026\/02\/Bild-Award-Aniko-Uj-1024x1024.jpeg 1024w, https:\/\/crossculture-academy.com\/wp-content\/uploads\/2026\/02\/Bild-Award-Aniko-Uj-300x300.jpeg 300w, https:\/\/crossculture-academy.com\/wp-content\/uploads\/2026\/02\/Bild-Award-Aniko-Uj-150x150.jpeg 150w, https:\/\/crossculture-academy.com\/wp-content\/uploads\/2026\/02\/Bild-Award-Aniko-Uj-768x768.jpeg 768w, https:\/\/crossculture-academy.com\/wp-content\/uploads\/2026\/02\/Bild-Award-Aniko-Uj-1536x1536.jpeg 1536w, https:\/\/crossculture-academy.com\/wp-content\/uploads\/2026\/02\/Bild-Award-Aniko-Uj.jpeg 1600w\" sizes=\"(max-width: 800px) 100vw, 800px\" title=\"\">\t\t\t\t\t\t\t\t\t\t\t\t\t\t\t<\/div>\n\t\t\t\t<\/div>\n\t\t\t\t\t<\/div>\n\t\t<\/div>\n\t\t\t\t\t<\/div>\n\t\t<\/section>\n\t\t\t\t<\/div>\n\t\t","protected":false},"excerpt":{"rendered":"<p>Trainer Excellence Award Anerkennung herausragender Leistung und Professionalit\u00e4t Die crossculture academy ehrt au\u00dfergew\u00f6hnliche Trainerinnen und Trainer, die sich durch Exzellenz in Zusammenarbeit, Durchf\u00fchrung und Partnerschaft auszeichnen. Mit dem #staycurious Trainer Excellence Award w\u00fcrdigen wir Pers\u00f6nlichkeiten, die unsere gemeinsamen Werte, Qualit\u00e4t, Flexibilit\u00e4t und proaktive Partnerschaft, verk\u00f6rpern und damit ma\u00dfgeblich zum Erfolg unseres globalen Trainingsnetzwerks beitragen. Der [&hellip;]<\/p>\n","protected":false},"author":434,"featured_media":0,"parent":18214,"menu_order":1,"comment_status":"closed","ping_status":"closed","template":"elementor_header_footer","meta":{"_acf_changed":false,"_improvement_type_select":"improve_an_existing","_thumb_yes_seoaic":false,"_frame_yes_seoaic":false,"seoaic_generate_description":"","seoaic_improve_instructions_prompt":"","seoaic_rollback_content_improvement":"","seoaic_idea_thumbnail_generator":"","thumbnail_generated":false,"thumbnail_generate_prompt":"","seoaic_article_description":"","footnotes":""},"class_list":["post-33622","page","type-page","status-publish","hentry"],"acf":[],"_links":{"self":[{"href":"https:\/\/crossculture-academy.com\/de\/wp-json\/wp\/v2\/pages\/33622","targetHints":{"allow":["GET"]}}],"collection":[{"href":"https:\/\/crossculture-academy.com\/de\/wp-json\/wp\/v2\/pages"}],"about":[{"href":"https:\/\/crossculture-academy.com\/de\/wp-json\/wp\/v2\/types\/page"}],"author":[{"embeddable":true,"href":"https:\/\/crossculture-academy.com\/de\/wp-json\/wp\/v2\/users\/434"}],"replies":[{"embeddable":true,"href":"https:\/\/crossculture-academy.com\/de\/wp-json\/wp\/v2\/comments?post=33622"}],"version-history":[{"count":13,"href":"https:\/\/crossculture-academy.com\/de\/wp-json\/wp\/v2\/pages\/33622\/revisions"}],"predecessor-version":[{"id":33675,"href":"https:\/\/crossculture-academy.com\/de\/wp-json\/wp\/v2\/pages\/33622\/revisions\/33675"}],"up":[{"embeddable":true,"href":"https:\/\/crossculture-academy.com\/de\/wp-json\/wp\/v2\/pages\/18214"}],"wp:attachment":[{"href":"https:\/\/crossculture-academy.com\/de\/wp-json\/wp\/v2\/media?parent=33622"}],"curies":[{"name":"wp","href":"https:\/\/api.w.org\/{rel}","templated":true}]}}