{"id":30905,"date":"2025-05-14T21:06:44","date_gmt":"2025-05-14T19:06:44","guid":{"rendered":"https:\/\/crossculture-academy.com\/?page_id=30905"},"modified":"2025-06-16T11:04:43","modified_gmt":"2025-06-16T09:04:43","slug":"danke","status":"publish","type":"page","link":"https:\/\/crossculture-academy.com\/de\/expat-buch\/danke\/","title":{"rendered":"Danke"},"content":{"rendered":"\t\t<div data-elementor-type=\"wp-page\" data-elementor-id=\"30905\" class=\"elementor elementor-30905\" data-elementor-post-type=\"page\">\n\t\t\t\t\t\t<section class=\"elementor-section elementor-top-section elementor-element elementor-element-eb08b0f elementor-section-boxed elementor-section-height-default elementor-section-height-default\" data-id=\"eb08b0f\" data-element_type=\"section\" data-e-type=\"section\">\n\t\t\t\t\t\t<div class=\"elementor-container elementor-column-gap-no\">\n\t\t\t\t\t<div class=\"elementor-column elementor-col-100 elementor-top-column elementor-element elementor-element-4ceef81\" data-id=\"4ceef81\" data-element_type=\"column\" data-e-type=\"column\" data-settings=\"{&quot;background_background&quot;:&quot;classic&quot;}\">\n\t\t\t<div class=\"elementor-widget-wrap elementor-element-populated\">\n\t\t\t\t\t\t<section class=\"elementor-section elementor-inner-section elementor-element elementor-element-786e5ce elementor-section-boxed elementor-section-height-default elementor-section-height-default\" data-id=\"786e5ce\" data-element_type=\"section\" data-e-type=\"section\">\n\t\t\t\t\t\t<div class=\"elementor-container elementor-column-gap-no\">\n\t\t\t\t\t<div class=\"elementor-column elementor-col-50 elementor-inner-column elementor-element elementor-element-874b98c\" data-id=\"874b98c\" data-element_type=\"column\" data-e-type=\"column\">\n\t\t\t<div class=\"elementor-widget-wrap elementor-element-populated\">\n\t\t\t\t\t\t<div class=\"elementor-element elementor-element-40f4c2d elementor-widget elementor-widget-heading\" data-id=\"40f4c2d\" data-element_type=\"widget\" data-e-type=\"widget\" data-widget_type=\"heading.default\">\n\t\t\t\t<div class=\"elementor-widget-container\">\n\t\t\t\t\t<h2 class=\"elementor-heading-title elementor-size-default\">Vielen Dank! Ihr Vorabdruck ist unterwegs<\/h2>\t\t\t\t<\/div>\n\t\t\t\t<\/div>\n\t\t\t\t<div class=\"elementor-element elementor-element-d540f68 elementor-widget elementor-widget-heading\" data-id=\"d540f68\" data-element_type=\"widget\" data-e-type=\"widget\" data-widget_type=\"heading.default\">\n\t\t\t\t<div class=\"elementor-widget-container\">\n\t\t\t\t\t<p class=\"elementor-heading-title elementor-size-default\">Wenn Sie Ihren Auslandsaufenthalt noch erfolgreicher machen wollen oder sich um Entsandte Ihres Unternehmens k\u00fcmmern, k\u00f6nnen Sie:<\/p>\t\t\t\t<\/div>\n\t\t\t\t<\/div>\n\t\t\t\t<div class=\"elementor-element elementor-element-9578e21 elementor-icon-list--layout-traditional elementor-list-item-link-full_width elementor-widget elementor-widget-icon-list\" data-id=\"9578e21\" data-element_type=\"widget\" data-e-type=\"widget\" data-widget_type=\"icon-list.default\">\n\t\t\t\t<div class=\"elementor-widget-container\">\n\t\t\t\t\t\t\t<ul class=\"elementor-icon-list-items\">\n\t\t\t\t\t\t\t<li class=\"elementor-icon-list-item\">\n\t\t\t\t\t\t\t\t\t\t\t<span class=\"elementor-icon-list-icon\">\n\t\t\t\t\t\t\t<svg xmlns=\"http:\/\/www.w3.org\/2000\/svg\" width=\"24\" height=\"24\" viewBox=\"0 0 24 24\" fill=\"none\"><g id=\"tabler-icon-message-chatbot\"><path id=\"Vector\" d=\"M9.5 9H9.51M14.5 9H14.51M9.5 13C9.82588 13.3326 10.2148 13.5968 10.6441 13.7772C11.0734 13.9576 11.5344 14.0505 12 14.0505C12.4656 14.0505 12.9266 13.9576 13.3559 13.7772C13.7852 13.5968 14.1741 13.3326 14.5 13M18 4C18.7956 4 19.5587 4.31607 20.1213 4.87868C20.6839 5.44129 21 6.20435 21 7V15C21 15.7956 20.6839 16.5587 20.1213 17.1213C19.5587 17.6839 18.7956 18 18 18H13L8 21V18H6C5.20435 18 4.44129 17.6839 3.87868 17.1213C3.31607 16.5587 3 15.7956 3 15V7C3 6.20435 3.31607 5.44129 3.87868 4.87868C4.44129 4.31607 5.20435 4 6 4H18Z\" stroke=\"#888A8D\" stroke-width=\"2\" stroke-linecap=\"round\" stroke-linejoin=\"round\"><\/path><\/g><\/svg>\t\t\t\t\t\t<\/span>\n\t\t\t\t\t\t\t\t\t\t<span class=\"elementor-icon-list-text\">Einen kurzen Gespr\u00e4chstermin mit Nathalie Spreter buchen, um Ihre Entsendungsstrategie zu besprechen<\/span>\n\t\t\t\t\t\t\t\t\t<\/li>\n\t\t\t\t\t\t\t\t<li class=\"elementor-icon-list-item\">\n\t\t\t\t\t\t\t\t\t\t\t<span class=\"elementor-icon-list-icon\">\n\t\t\t\t\t\t\t<svg xmlns=\"http:\/\/www.w3.org\/2000\/svg\" width=\"24\" height=\"24\" viewBox=\"0 0 24 24\" fill=\"none\"><g id=\"tabler-icon-book\"><path id=\"Vector\" d=\"M12 18.9997C10.6318 18.2098 9.07983 17.7939 7.5 17.7939C5.92017 17.7939 4.36817 18.2098 3 18.9997V5.99972C4.36817 5.2098 5.92017 4.79395 7.5 4.79395C9.07983 4.79395 10.6318 5.2098 12 5.99972M12 18.9997C13.3682 18.2098 14.9202 17.7939 16.5 17.7939C18.0798 17.7939 19.6318 18.2098 21 18.9997V5.99972C19.6318 5.2098 18.0798 4.79395 16.5 4.79395C14.9202 4.79395 13.3682 5.2098 12 5.99972M12 18.9997V5.99972\" stroke=\"#888A8D\" stroke-width=\"2\" stroke-linecap=\"round\" stroke-linejoin=\"round\"><\/path><\/g><\/svg>\t\t\t\t\t\t<\/span>\n\t\t\t\t\t\t\t\t\t\t<span class=\"elementor-icon-list-text\">Uns nach dem Lesen gerne Ihre Meinung zum Vorabdruck mitteilen \u2013 wir freuen uns \u00fcber Ihr Feedback!<\/span>\n\t\t\t\t\t\t\t\t\t<\/li>\n\t\t\t\t\t\t<\/ul>\n\t\t\t\t\t\t<\/div>\n\t\t\t\t<\/div>\n\t\t\t\t<section class=\"elementor-section elementor-inner-section elementor-element elementor-element-bd2d013 elementor-section-full_width elementor-section-height-default elementor-section-height-default\" data-id=\"bd2d013\" data-element_type=\"section\" data-e-type=\"section\">\n\t\t\t\t\t\t<div class=\"elementor-container elementor-column-gap-no\">\n\t\t\t\t\t<div class=\"elementor-column elementor-col-50 elementor-inner-column elementor-element elementor-element-4c4fcf4\" data-id=\"4c4fcf4\" data-element_type=\"column\" data-e-type=\"column\">\n\t\t\t<div class=\"elementor-widget-wrap elementor-element-populated\">\n\t\t\t\t\t\t<div class=\"elementor-element elementor-element-e6ec81c elementor-mobile-align-justify elementor-align-right elementor-tablet-align-center elementor-widget elementor-widget-button\" data-id=\"e6ec81c\" data-element_type=\"widget\" data-e-type=\"widget\" data-widget_type=\"button.default\">\n\t\t\t\t<div class=\"elementor-widget-container\">\n\t\t\t\t\t\t\t\t\t<div class=\"elementor-button-wrapper\">\n\t\t\t\t\t<a class=\"elementor-button elementor-button-link elementor-size-sm\" href=\"https:\/\/calendly.com\/nathalie-spreter-crossculture-academy\/erfolg-im-auslandsgeschaft-gibt-s-hier\" target=\"_blank\" rel=\"nofollow noopener\">\n\t\t\t\t\t\t<span class=\"elementor-button-content-wrapper\">\n\t\t\t\t\t\t\t\t\t<span class=\"elementor-button-text\">Gespr\u00e4ch mit Nathalie Spreter buchen<\/span>\n\t\t\t\t\t<\/span>\n\t\t\t\t\t<\/a>\n\t\t\t\t<\/div>\n\t\t\t\t\t\t\t\t<\/div>\n\t\t\t\t<\/div>\n\t\t\t\t\t<\/div>\n\t\t<\/div>\n\t\t\t\t<div class=\"elementor-column elementor-col-50 elementor-inner-column elementor-element elementor-element-2a3adff\" data-id=\"2a3adff\" data-element_type=\"column\" data-e-type=\"column\">\n\t\t\t<div class=\"elementor-widget-wrap elementor-element-populated\">\n\t\t\t\t\t\t<div class=\"elementor-element elementor-element-0b7abfc elementor-mobile-align-justify elementor-align-left elementor-tablet-align-center elementor-widget elementor-widget-button\" data-id=\"0b7abfc\" data-element_type=\"widget\" data-e-type=\"widget\" data-widget_type=\"button.default\">\n\t\t\t\t<div class=\"elementor-widget-container\">\n\t\t\t\t\t\t\t\t\t<div class=\"elementor-button-wrapper\">\n\t\t\t\t\t<a class=\"elementor-button elementor-button-link elementor-size-sm\" href=\"https:\/\/forms.office.com\/pages\/responsepage.aspx?id=d225jvU0OU2H6a3hHRTTzaMeYKk9L7NMs12NkLQr-GBUQkxYTTY5TU1MSEFFQUlPN0VFR1dEQ1JCWC4u&#038;route=shorturl\" target=\"_blank\" rel=\"nofollow noopener\">\n\t\t\t\t\t\t<span class=\"elementor-button-content-wrapper\">\n\t\t\t\t\t\t\t\t\t<span class=\"elementor-button-text\">Feedback geben<\/span>\n\t\t\t\t\t<\/span>\n\t\t\t\t\t<\/a>\n\t\t\t\t<\/div>\n\t\t\t\t\t\t\t\t<\/div>\n\t\t\t\t<\/div>\n\t\t\t\t\t<\/div>\n\t\t<\/div>\n\t\t\t\t\t<\/div>\n\t\t<\/section>\n\t\t\t\t\t<\/div>\n\t\t<\/div>\n\t\t\t\t<div class=\"elementor-column elementor-col-50 elementor-inner-column elementor-element elementor-element-cfedbaa elementor-hidden-tablet elementor-hidden-mobile\" data-id=\"cfedbaa\" data-element_type=\"column\" data-e-type=\"column\">\n\t\t\t<div class=\"elementor-widget-wrap elementor-element-populated\">\n\t\t\t\t\t\t<div class=\"elementor-element elementor-element-3ba12a6 elementor-widget elementor-widget-image\" data-id=\"3ba12a6\" data-element_type=\"widget\" data-e-type=\"widget\" data-widget_type=\"image.default\">\n\t\t\t\t<div class=\"elementor-widget-container\">\n\t\t\t\t\t\t\t\t\t\t\t\t\t\t\t<img fetchpriority=\"high\" decoding=\"async\" width=\"1600\" height=\"1944\" src=\"https:\/\/crossculture-academy.com\/wp-content\/uploads\/2025\/05\/Frame-38106.png\" class=\"attachment-full size-full wp-image-30920\" alt=\"\" srcset=\"https:\/\/crossculture-academy.com\/wp-content\/uploads\/2025\/05\/Frame-38106.png 1600w, https:\/\/crossculture-academy.com\/wp-content\/uploads\/2025\/05\/Frame-38106-247x300.png 247w, https:\/\/crossculture-academy.com\/wp-content\/uploads\/2025\/05\/Frame-38106-843x1024.png 843w, https:\/\/crossculture-academy.com\/wp-content\/uploads\/2025\/05\/Frame-38106-768x933.png 768w, https:\/\/crossculture-academy.com\/wp-content\/uploads\/2025\/05\/Frame-38106-1264x1536.png 1264w\" sizes=\"(max-width: 1600px) 100vw, 1600px\" title=\"\">\t\t\t\t\t\t\t\t\t\t\t\t\t\t\t<\/div>\n\t\t\t\t<\/div>\n\t\t\t\t\t<\/div>\n\t\t<\/div>\n\t\t\t\t\t<\/div>\n\t\t<\/section>\n\t\t\t\t\t<\/div>\n\t\t<\/div>\n\t\t\t\t\t<\/div>\n\t\t<\/section>\n\t\t\t\t<\/div>\n\t\t","protected":false},"excerpt":{"rendered":"<p>Vielen Dank! Ihr Vorabdruck ist unterwegs Wenn Sie Ihren Auslandsaufenthalt noch erfolgreicher machen wollen oder sich um Entsandte Ihres Unternehmens k\u00fcmmern, k\u00f6nnen Sie: Einen kurzen Gespr\u00e4chstermin mit Nathalie Spreter buchen, um Ihre Entsendungsstrategie zu besprechen Uns nach dem Lesen gerne Ihre Meinung zum Vorabdruck mitteilen \u2013 wir freuen uns \u00fcber Ihr Feedback! Gespr\u00e4ch mit Nathalie [&hellip;]<\/p>\n","protected":false},"author":434,"featured_media":0,"parent":30644,"menu_order":12,"comment_status":"closed","ping_status":"closed","template":"elementor_header_footer","meta":{"_acf_changed":false,"_improvement_type_select":"improve_an_existing","_thumb_yes_seoaic":false,"_frame_yes_seoaic":false,"seoaic_generate_description":"","seoaic_improve_instructions_prompt":"","seoaic_rollback_content_improvement":"","seoaic_idea_thumbnail_generator":"","thumbnail_generated":false,"thumbnail_generate_prompt":"","seoaic_article_description":"","footnotes":""},"class_list":["post-30905","page","type-page","status-publish","hentry"],"acf":[],"_links":{"self":[{"href":"https:\/\/crossculture-academy.com\/de\/wp-json\/wp\/v2\/pages\/30905","targetHints":{"allow":["GET"]}}],"collection":[{"href":"https:\/\/crossculture-academy.com\/de\/wp-json\/wp\/v2\/pages"}],"about":[{"href":"https:\/\/crossculture-academy.com\/de\/wp-json\/wp\/v2\/types\/page"}],"author":[{"embeddable":true,"href":"https:\/\/crossculture-academy.com\/de\/wp-json\/wp\/v2\/users\/434"}],"replies":[{"embeddable":true,"href":"https:\/\/crossculture-academy.com\/de\/wp-json\/wp\/v2\/comments?post=30905"}],"version-history":[{"count":74,"href":"https:\/\/crossculture-academy.com\/de\/wp-json\/wp\/v2\/pages\/30905\/revisions"}],"predecessor-version":[{"id":31183,"href":"https:\/\/crossculture-academy.com\/de\/wp-json\/wp\/v2\/pages\/30905\/revisions\/31183"}],"up":[{"embeddable":true,"href":"https:\/\/crossculture-academy.com\/de\/wp-json\/wp\/v2\/pages\/30644"}],"wp:attachment":[{"href":"https:\/\/crossculture-academy.com\/de\/wp-json\/wp\/v2\/media?parent=30905"}],"curies":[{"name":"wp","href":"https:\/\/api.w.org\/{rel}","templated":true}]}}