{"id":27419,"date":"2024-09-12T18:43:02","date_gmt":"2024-09-12T18:43:02","guid":{"rendered":"https:\/\/dev.crossculture-academy.com\/?page_id=27419"},"modified":"2024-09-12T18:44:33","modified_gmt":"2024-09-12T18:44:33","slug":"vereinbarungen-und-vertraege-in-frankreich","status":"publish","type":"page","link":"https:\/\/crossculture-academy.com\/de\/videos\/frankreich\/vereinbarungen-und-vertraege-in-frankreich\/","title":{"rendered":"Vereinbarungen und Vertr\u00e4ge in Frankreich"},"content":{"rendered":"\t\t<div data-elementor-type=\"wp-page\" data-elementor-id=\"27419\" class=\"elementor elementor-27419\" data-elementor-post-type=\"page\">\n\t\t\t\t\t\t<section class=\"elementor-section elementor-top-section elementor-element elementor-element-2eca204b elementor-section-boxed elementor-section-height-default elementor-section-height-default\" data-id=\"2eca204b\" data-element_type=\"section\" data-e-type=\"section\">\n\t\t\t\t\t\t<div class=\"elementor-container elementor-column-gap-no\">\n\t\t\t\t\t<div class=\"elementor-column elementor-col-100 elementor-top-column elementor-element elementor-element-5ed429ad\" data-id=\"5ed429ad\" data-element_type=\"column\" data-e-type=\"column\">\n\t\t\t<div class=\"elementor-widget-wrap elementor-element-populated\">\n\t\t\t\t\t\t<div class=\"elementor-element elementor-element-3492a876 elementor-widget elementor-widget-theme-post-title elementor-page-title elementor-widget-heading\" data-id=\"3492a876\" data-element_type=\"widget\" data-e-type=\"widget\" data-widget_type=\"theme-post-title.default\">\n\t\t\t\t<div class=\"elementor-widget-container\">\n\t\t\t\t\t<h1 class=\"elementor-heading-title elementor-size-default\">Vereinbarungen und Vertr\u00e4ge in Frankreich<\/h1>\t\t\t\t<\/div>\n\t\t\t\t<\/div>\n\t\t\t\t\t<\/div>\n\t\t<\/div>\n\t\t\t\t\t<\/div>\n\t\t<\/section>\n\t\t\t\t<section class=\"elementor-section elementor-top-section elementor-element elementor-element-2ea0f22d elementor-section-boxed elementor-section-height-default elementor-section-height-default\" data-id=\"2ea0f22d\" data-element_type=\"section\" data-e-type=\"section\">\n\t\t\t\t\t\t<div class=\"elementor-container elementor-column-gap-no\">\n\t\t\t\t\t<div class=\"elementor-column elementor-col-100 elementor-top-column elementor-element elementor-element-56c97c72\" data-id=\"56c97c72\" data-element_type=\"column\" data-e-type=\"column\">\n\t\t\t<div class=\"elementor-widget-wrap elementor-element-populated\">\n\t\t\t\t\t\t<div class=\"elementor-element elementor-element-4e1e44d2 elementor-widget elementor-widget-video\" data-id=\"4e1e44d2\" data-element_type=\"widget\" data-e-type=\"widget\" data-settings=\"{&quot;video_type&quot;:&quot;hosted&quot;,&quot;controls&quot;:&quot;yes&quot;}\" data-widget_type=\"video.default\">\n\t\t\t\t<div class=\"elementor-widget-container\">\n\t\t\t\t\t\t\t<div class=\"e-hosted-video elementor-wrapper elementor-open-inline\">\n\t\t\t\t\t<video class=\"elementor-video\" src=\"https:\/\/s3-eu-west-1.amazonaws.com\/xca-culture-clips-full-clips\/GK_FR_Vertraege.mp4\" controls=\"\" preload=\"metadata\" controlsList=\"nodownload\"><\/video>\n\t\t\t\t<\/div>\n\t\t\t\t\t\t<\/div>\n\t\t\t\t<\/div>\n\t\t\t\t\t<\/div>\n\t\t<\/div>\n\t\t\t\t\t<\/div>\n\t\t<\/section>\n\t\t\t\t<section class=\"elementor-section elementor-top-section elementor-element elementor-element-224aebbb elementor-section-boxed elementor-section-height-default elementor-section-height-default\" data-id=\"224aebbb\" data-element_type=\"section\" data-e-type=\"section\">\n\t\t\t\t\t\t<div class=\"elementor-container elementor-column-gap-no\">\n\t\t\t\t\t<div class=\"elementor-column elementor-col-100 elementor-top-column elementor-element elementor-element-793b2337\" data-id=\"793b2337\" data-element_type=\"column\" data-e-type=\"column\">\n\t\t\t<div class=\"elementor-widget-wrap elementor-element-populated\">\n\t\t\t\t\t\t<div class=\"elementor-element elementor-element-e88ad97 elementor-widget elementor-widget-text-editor\" data-id=\"e88ad97\" data-element_type=\"widget\" data-e-type=\"widget\" data-widget_type=\"text-editor.default\">\n\t\t\t\t<div class=\"elementor-widget-container\">\n\t\t\t\t\t\t\t\t\t<h4>Aus dem Inhalt<\/h4><ul><li>M\u00fcndliche Zusagen<\/li><li>E-Mail zur Best\u00e4tigung<\/li><li>Vertikale Streuung,\u00a0transparente Vorg\u00e4nge<\/li><li>Hart in der Sache, freundlich zur Person<\/li><li>Vereinbarung von Fristen<\/li><\/ul>\t\t\t\t\t\t\t\t<\/div>\n\t\t\t\t<\/div>\n\t\t\t\t\t<\/div>\n\t\t<\/div>\n\t\t\t\t\t<\/div>\n\t\t<\/section>\n\t\t\t\t<section class=\"elementor-section elementor-top-section elementor-element elementor-element-43f02854 elementor-section-full_width elementor-section-height-default elementor-section-height-default\" data-id=\"43f02854\" data-element_type=\"section\" data-e-type=\"section\">\n\t\t\t\t\t\t<div class=\"elementor-container elementor-column-gap-no\">\n\t\t\t\t\t<div class=\"elementor-column elementor-col-100 elementor-top-column elementor-element elementor-element-492dd312\" data-id=\"492dd312\" data-element_type=\"column\" data-e-type=\"column\">\n\t\t\t<div class=\"elementor-widget-wrap elementor-element-populated\">\n\t\t\t\t\t\t<div class=\"elementor-element elementor-element-24997b9d elementor-widget elementor-widget-shortcode\" data-id=\"24997b9d\" data-element_type=\"widget\" data-e-type=\"widget\" data-widget_type=\"shortcode.default\">\n\t\t\t\t<div class=\"elementor-widget-container\">\n\t\t\t\t\t\t\t<div class=\"elementor-shortcode\">\t\t<div data-elementor-type=\"section\" data-elementor-id=\"20636\" class=\"elementor elementor-20636\" data-elementor-post-type=\"elementor_library\">\n\t\t\t\t\t<section class=\"elementor-section elementor-top-section elementor-element elementor-element-640b52e elementor-section-boxed elementor-section-height-default elementor-section-height-default\" data-id=\"640b52e\" data-element_type=\"section\" data-e-type=\"section\" data-settings=\"{&quot;background_background&quot;:&quot;classic&quot;}\">\n\t\t\t\t\t\t<div class=\"elementor-container elementor-column-gap-default\">\n\t\t\t\t\t<div class=\"elementor-column elementor-col-100 elementor-top-column elementor-element elementor-element-fe9ce96\" data-id=\"fe9ce96\" data-element_type=\"column\" data-e-type=\"column\">\n\t\t\t<div class=\"elementor-widget-wrap elementor-element-populated\">\n\t\t\t\t\t\t<div class=\"elementor-element elementor-element-03dd6b3 elementor-widget elementor-widget-heading\" data-id=\"03dd6b3\" data-element_type=\"widget\" data-e-type=\"widget\" data-widget_type=\"heading.default\">\n\t\t\t\t<div class=\"elementor-widget-container\">\n\t\t\t\t\t<h2 class=\"elementor-heading-title elementor-size-default\">Videos, die Sie auch interessieren k\u00f6nnten\n<\/h2>\t\t\t\t<\/div>\n\t\t\t\t<\/div>\n\t\t\t\t<section class=\"elementor-section elementor-inner-section elementor-element elementor-element-d181a05 elementor-section-full_width elementor-section-height-default elementor-section-height-default\" data-id=\"d181a05\" data-element_type=\"section\" data-e-type=\"section\">\n\t\t\t\t\t\t<div class=\"elementor-container elementor-column-gap-default\">\n\t\t\t\t\t<div class=\"elementor-column elementor-col-25 elementor-inner-column elementor-element elementor-element-79a94b5\" data-id=\"79a94b5\" data-element_type=\"column\" data-e-type=\"column\">\n\t\t\t<div class=\"elementor-widget-wrap elementor-element-populated\">\n\t\t\t\t\t\t<div class=\"elementor-element elementor-element-d5f5e2f elementor-widget elementor-widget-image\" data-id=\"d5f5e2f\" data-element_type=\"widget\" data-e-type=\"widget\" data-widget_type=\"image.default\">\n\t\t\t\t<div class=\"elementor-widget-container\">\n\t\t\t\t\t\t\t\t\t\t\t\t\t\t\t\t<a href=\"https:\/\/crossculture-academy.com\/de\/videos\/arabische-laender\/erster-geschaeftstermin-in-den-arabischen-golfstaaten\/\">\n\t\t\t\t\t\t\t<img fetchpriority=\"high\" decoding=\"async\" width=\"400\" height=\"300\" src=\"https:\/\/crossculture-academy.com\/wp-content\/uploads\/2024\/08\/Arabische-Golfstaaten-IBM-System-2.png\" class=\"attachment-full size-full wp-image-20622\" alt=\"\" srcset=\"https:\/\/crossculture-academy.com\/wp-content\/uploads\/2024\/08\/Arabische-Golfstaaten-IBM-System-2.png 400w, https:\/\/crossculture-academy.com\/wp-content\/uploads\/2024\/08\/Arabische-Golfstaaten-IBM-System-2-300x225.png 300w\" sizes=\"(max-width: 400px) 100vw, 400px\" title=\"\">\t\t\t\t\t\t\t\t<\/a>\n\t\t\t\t\t\t\t\t\t\t\t\t\t\t\t<\/div>\n\t\t\t\t<\/div>\n\t\t\t\t<div class=\"elementor-element elementor-element-dea25ae elementor-widget elementor-widget-heading\" data-id=\"dea25ae\" data-element_type=\"widget\" data-e-type=\"widget\" data-widget_type=\"heading.default\">\n\t\t\t\t<div class=\"elementor-widget-container\">\n\t\t\t\t\t<h2 class=\"elementor-heading-title elementor-size-default\"><a href=\"https:\/\/crossculture-academy.com\/de\/videos\/arabische-laender\/erster-geschaeftstermin-in-den-arabischen-golfstaaten\/\">Erster Gesch\u00e4ftstermin in den Arabischen Golfstaaten<\/a><\/h2>\t\t\t\t<\/div>\n\t\t\t\t<\/div>\n\t\t\t\t<div class=\"elementor-element elementor-element-74812ef elementor-widget elementor-widget-heading\" data-id=\"74812ef\" data-element_type=\"widget\" data-e-type=\"widget\" data-widget_type=\"heading.default\">\n\t\t\t\t<div class=\"elementor-widget-container\">\n\t\t\t\t\t<h2 class=\"elementor-heading-title elementor-size-default\"><a href=\"https:\/\/crossculture-academy.com\/de\/videos\/arabische-laender\/erster-geschaeftstermin-in-den-arabischen-golfstaaten\/\">Wissen Sie, was Sie erwartet, wenn Sie das erste Mal zu einem Gesch\u00e4ftstermin in ein golfarabisches Land reisen? Noch nicht? Im folgenden Film erhalten Sie grundlegende Informationen zur Gesch\u00e4ftsanbahnung in den Arabischen Golfstaaten.\n\n<\/a><\/h2>\t\t\t\t<\/div>\n\t\t\t\t<\/div>\n\t\t\t\t\t<\/div>\n\t\t<\/div>\n\t\t\t\t<div class=\"elementor-column elementor-col-25 elementor-inner-column elementor-element elementor-element-d459b36\" data-id=\"d459b36\" data-element_type=\"column\" data-e-type=\"column\">\n\t\t\t<div class=\"elementor-widget-wrap elementor-element-populated\">\n\t\t\t\t\t\t<div class=\"elementor-element elementor-element-4615e9a elementor-widget elementor-widget-image\" data-id=\"4615e9a\" data-element_type=\"widget\" data-e-type=\"widget\" data-widget_type=\"image.default\">\n\t\t\t\t<div class=\"elementor-widget-container\">\n\t\t\t\t\t\t\t\t\t\t\t\t\t\t\t\t<a href=\"https:\/\/crossculture-academy.com\/de\/videos\/arabische-laender\/probleme-und-konflikte-loesen-in-den-arabischen-golfstaaten\/\">\n\t\t\t\t\t\t\t<img decoding=\"async\" width=\"400\" height=\"300\" src=\"https:\/\/crossculture-academy.com\/wp-content\/uploads\/2024\/08\/Arab-Gulf-States-Negotiations.png\" class=\"attachment-full size-full wp-image-20650\" alt=\"\" srcset=\"https:\/\/crossculture-academy.com\/wp-content\/uploads\/2024\/08\/Arab-Gulf-States-Negotiations.png 400w, https:\/\/crossculture-academy.com\/wp-content\/uploads\/2024\/08\/Arab-Gulf-States-Negotiations-300x225.png 300w\" sizes=\"(max-width: 400px) 100vw, 400px\" title=\"\">\t\t\t\t\t\t\t\t<\/a>\n\t\t\t\t\t\t\t\t\t\t\t\t\t\t\t<\/div>\n\t\t\t\t<\/div>\n\t\t\t\t<div class=\"elementor-element elementor-element-0ba0b53 elementor-widget elementor-widget-heading\" data-id=\"0ba0b53\" data-element_type=\"widget\" data-e-type=\"widget\" data-widget_type=\"heading.default\">\n\t\t\t\t<div class=\"elementor-widget-container\">\n\t\t\t\t\t<h2 class=\"elementor-heading-title elementor-size-default\"><a href=\"https:\/\/crossculture-academy.com\/de\/videos\/arabische-laender\/probleme-und-konflikte-loesen-in-den-arabischen-golfstaaten\/\">Probleme und Konflikte l\u00f6sen in den Arabischen Golfstaaten<\/a><\/h2>\t\t\t\t<\/div>\n\t\t\t\t<\/div>\n\t\t\t\t<div class=\"elementor-element elementor-element-cc01bf0 elementor-widget elementor-widget-heading\" data-id=\"cc01bf0\" data-element_type=\"widget\" data-e-type=\"widget\" data-widget_type=\"heading.default\">\n\t\t\t\t<div class=\"elementor-widget-container\">\n\t\t\t\t\t<h2 class=\"elementor-heading-title elementor-size-default\"><a href=\"https:\/\/crossculture-academy.com\/de\/videos\/arabische-laender\/probleme-und-konflikte-loesen-in-den-arabischen-golfstaaten\/\">Wie gehen Golfaraber mit Problemen um? Wie werden Konflikte gel\u00f6st? Wie sollten Sie sich verhalten, damit die so wichtige pers\u00f6nliche Ebene nicht aus der Balance ger\u00e4t? Das folgende Video zeigt Ihnen, wie die Konfliktl\u00f6sung im golfarabischen Raum funktioniert.\n\n\n<\/a><\/h2>\t\t\t\t<\/div>\n\t\t\t\t<\/div>\n\t\t\t\t\t<\/div>\n\t\t<\/div>\n\t\t\t\t<div class=\"elementor-column elementor-col-25 elementor-inner-column elementor-element elementor-element-76aa138\" data-id=\"76aa138\" data-element_type=\"column\" data-e-type=\"column\">\n\t\t\t<div class=\"elementor-widget-wrap elementor-element-populated\">\n\t\t\t\t\t\t<div class=\"elementor-element elementor-element-f04bf7f elementor-widget elementor-widget-image\" data-id=\"f04bf7f\" data-element_type=\"widget\" data-e-type=\"widget\" data-widget_type=\"image.default\">\n\t\t\t\t<div class=\"elementor-widget-container\">\n\t\t\t\t\t\t\t\t\t\t\t\t\t\t\t\t<a href=\"https:\/\/crossculture-academy.com\/de\/videos\/arabische-laender\/meetings-in-den-arabischen-golfstaaten\/\">\n\t\t\t\t\t\t\t<img decoding=\"async\" width=\"400\" height=\"300\" src=\"https:\/\/crossculture-academy.com\/wp-content\/uploads\/2024\/08\/Arabische-Golfstaaten-Meetings-1.png\" class=\"attachment-full size-full wp-image-20653\" alt=\"\" srcset=\"https:\/\/crossculture-academy.com\/wp-content\/uploads\/2024\/08\/Arabische-Golfstaaten-Meetings-1.png 400w, https:\/\/crossculture-academy.com\/wp-content\/uploads\/2024\/08\/Arabische-Golfstaaten-Meetings-1-300x225.png 300w\" sizes=\"(max-width: 400px) 100vw, 400px\" title=\"\">\t\t\t\t\t\t\t\t<\/a>\n\t\t\t\t\t\t\t\t\t\t\t\t\t\t\t<\/div>\n\t\t\t\t<\/div>\n\t\t\t\t<div class=\"elementor-element elementor-element-391c417 elementor-widget elementor-widget-heading\" data-id=\"391c417\" data-element_type=\"widget\" data-e-type=\"widget\" data-widget_type=\"heading.default\">\n\t\t\t\t<div class=\"elementor-widget-container\">\n\t\t\t\t\t<h2 class=\"elementor-heading-title elementor-size-default\"><a href=\"https:\/\/crossculture-academy.com\/de\/videos\/arabische-laender\/meetings-in-den-arabischen-golfstaaten\/\">Meetings in den Arabischen Golfstaaten<\/a><\/h2>\t\t\t\t<\/div>\n\t\t\t\t<\/div>\n\t\t\t\t<div class=\"elementor-element elementor-element-3dce9fe elementor-widget elementor-widget-heading\" data-id=\"3dce9fe\" data-element_type=\"widget\" data-e-type=\"widget\" data-widget_type=\"heading.default\">\n\t\t\t\t<div class=\"elementor-widget-container\">\n\t\t\t\t\t<h2 class=\"elementor-heading-title elementor-size-default\"><a href=\"https:\/\/crossculture-academy.com\/de\/videos\/arabische-laender\/meetings-in-den-arabischen-golfstaaten\/\">Wissen Sie, was in einem Meeting in den golfarabischen L\u00e4ndern auf Sie zukommt? Warum ist Geduld eine wichtige Voraussetzung, um dort Gesch\u00e4fte zu machen? Antworten auf diese Fragen und andere Informationen \u00fcber Ihre golfarabischen Gesch\u00e4ftspartner erhalten Sie im folgenden Film.\n\n<\/a><\/h2>\t\t\t\t<\/div>\n\t\t\t\t<\/div>\n\t\t\t\t\t<\/div>\n\t\t<\/div>\n\t\t\t\t<div class=\"elementor-column elementor-col-25 elementor-inner-column elementor-element elementor-element-e5e2e30\" data-id=\"e5e2e30\" data-element_type=\"column\" data-e-type=\"column\">\n\t\t\t<div class=\"elementor-widget-wrap elementor-element-populated\">\n\t\t\t\t\t\t<div class=\"elementor-element elementor-element-6fadeba elementor-widget elementor-widget-image\" data-id=\"6fadeba\" data-element_type=\"widget\" data-e-type=\"widget\" data-widget_type=\"image.default\">\n\t\t\t\t<div class=\"elementor-widget-container\">\n\t\t\t\t\t\t\t\t\t\t\t\t\t\t\t\t<a href=\"https:\/\/crossculture-academy.com\/de\/videos\/arabische-laender\/produkte-und-leistungen-in-den-arabischen-golfstaaten-praesentieren\/\">\n\t\t\t\t\t\t\t<img loading=\"lazy\" decoding=\"async\" width=\"400\" height=\"300\" src=\"https:\/\/crossculture-academy.com\/wp-content\/uploads\/2024\/08\/AGS-Produkte-Praesentieren.png\" class=\"attachment-full size-full wp-image-20655\" alt=\"\" srcset=\"https:\/\/crossculture-academy.com\/wp-content\/uploads\/2024\/08\/AGS-Produkte-Praesentieren.png 400w, https:\/\/crossculture-academy.com\/wp-content\/uploads\/2024\/08\/AGS-Produkte-Praesentieren-300x225.png 300w\" sizes=\"(max-width: 400px) 100vw, 400px\" title=\"\">\t\t\t\t\t\t\t\t<\/a>\n\t\t\t\t\t\t\t\t\t\t\t\t\t\t\t<\/div>\n\t\t\t\t<\/div>\n\t\t\t\t<div class=\"elementor-element elementor-element-d1bc8eb elementor-widget elementor-widget-heading\" data-id=\"d1bc8eb\" data-element_type=\"widget\" data-e-type=\"widget\" data-widget_type=\"heading.default\">\n\t\t\t\t<div class=\"elementor-widget-container\">\n\t\t\t\t\t<h2 class=\"elementor-heading-title elementor-size-default\"><a href=\"https:\/\/crossculture-academy.com\/de\/videos\/arabische-laender\/produkte-und-leistungen-in-den-arabischen-golfstaaten-praesentieren\/\">Produkte und Leistungen in den Arabischen Golfstaaten pr\u00e4sentieren<\/a><\/h2>\t\t\t\t<\/div>\n\t\t\t\t<\/div>\n\t\t\t\t<div class=\"elementor-element elementor-element-4edd2de elementor-widget elementor-widget-heading\" data-id=\"4edd2de\" data-element_type=\"widget\" data-e-type=\"widget\" data-widget_type=\"heading.default\">\n\t\t\t\t<div class=\"elementor-widget-container\">\n\t\t\t\t\t<h2 class=\"elementor-heading-title elementor-size-default\"><a href=\"https:\/\/crossculture-academy.com\/de\/videos\/arabische-laender\/produkte-und-leistungen-in-den-arabischen-golfstaaten-praesentieren\/\">In den Arabischen Golfstaaten spielen Status und Prestige eine wesentliche Rolle. Ihre Pr\u00e4sentations- und Werbematerialien sollten daher attraktiv und hochwertig gestaltet sein. Worauf sollten Sie bei der Vorbereitung Ihrer Pr\u00e4sentation noch beachten? Schauen Sie sich das folgende Video an!\n\n<\/a><\/h2>\t\t\t\t<\/div>\n\t\t\t\t<\/div>\n\t\t\t\t\t<\/div>\n\t\t<\/div>\n\t\t\t\t\t<\/div>\n\t\t<\/section>\n\t\t\t\t\t<\/div>\n\t\t<\/div>\n\t\t\t\t\t<\/div>\n\t\t<\/section>\n\t\t\t\t<\/div>\n\t\t<\/div>\n\t\t\t\t\t\t<\/div>\n\t\t\t\t<\/div>\n\t\t\t\t\t<\/div>\n\t\t<\/div>\n\t\t\t\t\t<\/div>\n\t\t<\/section>\n\t\t\t\t<\/div>\n\t\t","protected":false},"excerpt":{"rendered":"<p>https:\/\/s3-eu-west-1.amazonaws.com\/xca-culture-clips-full-clips\/GK_FR_Vertraege.mp4<\/p>\n","protected":false},"author":1,"featured_media":0,"parent":24366,"menu_order":487,"comment_status":"closed","ping_status":"closed","template":"elementor_header_footer","meta":{"_acf_changed":false,"_improvement_type_select":"improve_an_existing","_thumb_yes_seoaic":false,"_frame_yes_seoaic":false,"seoaic_generate_description":"","seoaic_improve_instructions_prompt":"","seoaic_rollback_content_improvement":"","seoaic_idea_thumbnail_generator":"","thumbnail_generated":false,"thumbnail_generate_prompt":"","seoaic_article_description":"","footnotes":""},"class_list":["post-27419","page","type-page","status-publish","hentry"],"acf":[],"_links":{"self":[{"href":"https:\/\/crossculture-academy.com\/de\/wp-json\/wp\/v2\/pages\/27419","targetHints":{"allow":["GET"]}}],"collection":[{"href":"https:\/\/crossculture-academy.com\/de\/wp-json\/wp\/v2\/pages"}],"about":[{"href":"https:\/\/crossculture-academy.com\/de\/wp-json\/wp\/v2\/types\/page"}],"author":[{"embeddable":true,"href":"https:\/\/crossculture-academy.com\/de\/wp-json\/wp\/v2\/users\/1"}],"replies":[{"embeddable":true,"href":"https:\/\/crossculture-academy.com\/de\/wp-json\/wp\/v2\/comments?post=27419"}],"version-history":[{"count":0,"href":"https:\/\/crossculture-academy.com\/de\/wp-json\/wp\/v2\/pages\/27419\/revisions"}],"up":[{"embeddable":true,"href":"https:\/\/crossculture-academy.com\/de\/wp-json\/wp\/v2\/pages\/24366"}],"wp:attachment":[{"href":"https:\/\/crossculture-academy.com\/de\/wp-json\/wp\/v2\/media?parent=27419"}],"curies":[{"name":"wp","href":"https:\/\/api.w.org\/{rel}","templated":true}]}}