{"id":23763,"date":"2024-09-06T11:18:07","date_gmt":"2024-09-06T11:18:07","guid":{"rendered":"https:\/\/dev.crossculture-academy.com\/?page_id=23763"},"modified":"2024-09-15T01:13:46","modified_gmt":"2024-09-15T01:13:46","slug":"businessethik","status":"publish","type":"page","link":"https:\/\/crossculture-academy.com\/de\/videos\/businessethik\/","title":{"rendered":"Businessethik"},"content":{"rendered":"\t\t<div data-elementor-type=\"wp-page\" data-elementor-id=\"23763\" class=\"elementor elementor-23763\" data-elementor-post-type=\"page\">\n\t\t\t\t\t\t<section class=\"elementor-section elementor-top-section elementor-element elementor-element-34dc9b69 elementor-section-boxed elementor-section-height-default elementor-section-height-default\" data-id=\"34dc9b69\" data-element_type=\"section\" data-e-type=\"section\">\n\t\t\t\t\t\t<div class=\"elementor-container elementor-column-gap-no\">\n\t\t\t\t\t<div class=\"elementor-column elementor-col-50 elementor-top-column elementor-element elementor-element-2d61fe37\" data-id=\"2d61fe37\" data-element_type=\"column\" data-e-type=\"column\">\n\t\t\t<div class=\"elementor-widget-wrap elementor-element-populated\">\n\t\t\t\t\t\t<div class=\"elementor-element elementor-element-1c9bc57b elementor-widget elementor-widget-heading\" data-id=\"1c9bc57b\" data-element_type=\"widget\" data-e-type=\"widget\" data-widget_type=\"heading.default\">\n\t\t\t\t<div class=\"elementor-widget-container\">\n\t\t\t\t\t<h2 class=\"elementor-heading-title elementor-size-default\">Videos zu Businessethik\n<\/h2>\t\t\t\t<\/div>\n\t\t\t\t<\/div>\n\t\t\t\t\t<\/div>\n\t\t<\/div>\n\t\t\t\t<div class=\"elementor-column elementor-col-50 elementor-top-column elementor-element elementor-element-45ee365e\" data-id=\"45ee365e\" data-element_type=\"column\" data-e-type=\"column\">\n\t\t\t<div class=\"elementor-widget-wrap\">\n\t\t\t\t\t\t\t<\/div>\n\t\t<\/div>\n\t\t\t\t\t<\/div>\n\t\t<\/section>\n\t\t\t\t<section class=\"elementor-section elementor-top-section elementor-element elementor-element-356fa6ac elementor-section-boxed elementor-section-height-default elementor-section-height-default\" data-id=\"356fa6ac\" data-element_type=\"section\" data-e-type=\"section\">\n\t\t\t\t\t\t<div class=\"elementor-container elementor-column-gap-default\">\n\t\t\t\t\t<div class=\"elementor-column elementor-col-50 elementor-top-column elementor-element elementor-element-2c2c535d\" data-id=\"2c2c535d\" data-element_type=\"column\" data-e-type=\"column\">\n\t\t\t<div class=\"elementor-widget-wrap elementor-element-populated\">\n\t\t\t\t\t\t<div class=\"elementor-element elementor-element-16d446d5 elementor-widget elementor-widget-image\" data-id=\"16d446d5\" data-element_type=\"widget\" data-e-type=\"widget\" data-widget_type=\"image.default\">\n\t\t\t\t<div class=\"elementor-widget-container\">\n\t\t\t\t\t\t\t\t\t\t\t\t\t\t\t\t<a href=\"\/videos\/businessethik\/ethik-als-erfolgsmotor-im-internationalen-business\/\">\n\t\t\t\t\t\t\t<img fetchpriority=\"high\" decoding=\"async\" width=\"400\" height=\"300\" src=\"https:\/\/crossculture-academy.com\/wp-content\/uploads\/2024\/09\/Businessethik-400x300-1.jpg\" class=\"attachment-full size-full wp-image-23778\" alt=\"\" srcset=\"https:\/\/crossculture-academy.com\/wp-content\/uploads\/2024\/09\/Businessethik-400x300-1.jpg 400w, https:\/\/crossculture-academy.com\/wp-content\/uploads\/2024\/09\/Businessethik-400x300-1-300x225.jpg 300w\" sizes=\"(max-width: 400px) 100vw, 400px\" title=\"\">\t\t\t\t\t\t\t\t<\/a>\n\t\t\t\t\t\t\t\t\t\t\t\t\t\t\t<\/div>\n\t\t\t\t<\/div>\n\t\t\t\t\t<\/div>\n\t\t<\/div>\n\t\t\t\t<div class=\"elementor-column elementor-col-50 elementor-top-column elementor-element elementor-element-4f0e9917\" data-id=\"4f0e9917\" data-element_type=\"column\" data-e-type=\"column\">\n\t\t\t<div class=\"elementor-widget-wrap elementor-element-populated\">\n\t\t\t\t\t\t<div class=\"elementor-element elementor-element-22e710fd elementor-widget elementor-widget-heading\" data-id=\"22e710fd\" data-element_type=\"widget\" data-e-type=\"widget\" data-widget_type=\"heading.default\">\n\t\t\t\t<div class=\"elementor-widget-container\">\n\t\t\t\t\t<h2 class=\"elementor-heading-title elementor-size-default\"><a href=\"\/videos\/businessethik\/ethik-als-erfolgsmotor-im-internationalen-business\/\">Ethik als Erfolgsmotor im internationalen Business<\/a><\/h2>\t\t\t\t<\/div>\n\t\t\t\t<\/div>\n\t\t\t\t<div class=\"elementor-element elementor-element-4540465f elementor-widget elementor-widget-heading\" data-id=\"4540465f\" data-element_type=\"widget\" data-e-type=\"widget\" data-widget_type=\"heading.default\">\n\t\t\t\t<div class=\"elementor-widget-container\">\n\t\t\t\t\t<h2 class=\"elementor-heading-title elementor-size-default\"><a href=\"\/videos\/businessethik\/ethik-als-erfolgsmotor-im-internationalen-business\/\">Es gab Zeiten, als international agierende Unternehmen Wirtschaftsethik als schm\u00fcckende Beigabe verstanden haben. Dies hat sich ge\u00e4ndert: Heute sind reflektierte, wertbewusste F\u00fchrungskr\u00e4fte, die Andersheit achten und das Eigene respektieren, ein absolutes Must have. Warum das so ist und auf was Sie in diesem Zusammenhang achten sollten, erfahren Sie im Film \u201eEthik als Erfolgsmotor im internationalen Business\u201c.\n\n<\/a><\/h2>\t\t\t\t<\/div>\n\t\t\t\t<\/div>\n\t\t\t\t\t<\/div>\n\t\t<\/div>\n\t\t\t\t\t<\/div>\n\t\t<\/section>\n\t\t\t\t<section class=\"elementor-section elementor-top-section elementor-element elementor-element-16ca17c5 elementor-section-boxed elementor-section-height-default elementor-section-height-default\" data-id=\"16ca17c5\" data-element_type=\"section\" data-e-type=\"section\">\n\t\t\t\t\t\t<div class=\"elementor-container elementor-column-gap-default\">\n\t\t\t\t\t<div class=\"elementor-column elementor-col-100 elementor-top-column elementor-element elementor-element-7d104135\" data-id=\"7d104135\" data-element_type=\"column\" data-e-type=\"column\">\n\t\t\t<div class=\"elementor-widget-wrap elementor-element-populated\">\n\t\t\t\t\t\t<div class=\"elementor-element elementor-element-7f6cd5ae elementor-widget-divider--view-line elementor-widget elementor-widget-divider\" data-id=\"7f6cd5ae\" data-element_type=\"widget\" data-e-type=\"widget\" data-widget_type=\"divider.default\">\n\t\t\t\t<div class=\"elementor-widget-container\">\n\t\t\t\t\t\t\t<div class=\"elementor-divider\">\n\t\t\t<span class=\"elementor-divider-separator\">\n\t\t\t\t\t\t<\/span>\n\t\t<\/div>\n\t\t\t\t\t\t<\/div>\n\t\t\t\t<\/div>\n\t\t\t\t\t<\/div>\n\t\t<\/div>\n\t\t\t\t\t<\/div>\n\t\t<\/section>\n\t\t\t\t<section class=\"elementor-section elementor-top-section elementor-element elementor-element-1e66977e elementor-section-boxed elementor-section-height-default elementor-section-height-default\" data-id=\"1e66977e\" data-element_type=\"section\" data-e-type=\"section\">\n\t\t\t\t\t\t<div class=\"elementor-container elementor-column-gap-default\">\n\t\t\t\t\t<div class=\"elementor-column elementor-col-50 elementor-top-column elementor-element elementor-element-7f744640\" data-id=\"7f744640\" data-element_type=\"column\" data-e-type=\"column\">\n\t\t\t<div class=\"elementor-widget-wrap elementor-element-populated\">\n\t\t\t\t\t\t<div class=\"elementor-element elementor-element-5647f17d elementor-widget elementor-widget-image\" data-id=\"5647f17d\" data-element_type=\"widget\" data-e-type=\"widget\" data-widget_type=\"image.default\">\n\t\t\t\t<div class=\"elementor-widget-container\">\n\t\t\t\t\t\t\t\t\t\t\t\t\t\t\t\t<a href=\"\/videos\/businessethik\/global-corporate-social-responsibility\/\">\n\t\t\t\t\t\t\t<img fetchpriority=\"high\" decoding=\"async\" width=\"400\" height=\"300\" src=\"https:\/\/crossculture-academy.com\/wp-content\/uploads\/2024\/09\/Businessethik-400x300-1.jpg\" class=\"attachment-full size-full wp-image-23778\" alt=\"\" srcset=\"https:\/\/crossculture-academy.com\/wp-content\/uploads\/2024\/09\/Businessethik-400x300-1.jpg 400w, https:\/\/crossculture-academy.com\/wp-content\/uploads\/2024\/09\/Businessethik-400x300-1-300x225.jpg 300w\" sizes=\"(max-width: 400px) 100vw, 400px\" title=\"\">\t\t\t\t\t\t\t\t<\/a>\n\t\t\t\t\t\t\t\t\t\t\t\t\t\t\t<\/div>\n\t\t\t\t<\/div>\n\t\t\t\t\t<\/div>\n\t\t<\/div>\n\t\t\t\t<div class=\"elementor-column elementor-col-50 elementor-top-column elementor-element elementor-element-1c489f39\" data-id=\"1c489f39\" data-element_type=\"column\" data-e-type=\"column\">\n\t\t\t<div class=\"elementor-widget-wrap elementor-element-populated\">\n\t\t\t\t\t\t<div class=\"elementor-element elementor-element-7dc23106 elementor-widget elementor-widget-heading\" data-id=\"7dc23106\" data-element_type=\"widget\" data-e-type=\"widget\" data-widget_type=\"heading.default\">\n\t\t\t\t<div class=\"elementor-widget-container\">\n\t\t\t\t\t<h2 class=\"elementor-heading-title elementor-size-default\"><a href=\"\/videos\/businessethik\/global-corporate-social-responsibility\/\">Global Corporate Social Responsibility<\/a><\/h2>\t\t\t\t<\/div>\n\t\t\t\t<\/div>\n\t\t\t\t<div class=\"elementor-element elementor-element-3ab12b47 elementor-widget elementor-widget-heading\" data-id=\"3ab12b47\" data-element_type=\"widget\" data-e-type=\"widget\" data-widget_type=\"heading.default\">\n\t\t\t\t<div class=\"elementor-widget-container\">\n\t\t\t\t\t<h2 class=\"elementor-heading-title elementor-size-default\"><a href=\"\/videos\/businessethik\/global-corporate-social-responsibility\/\">Mittlerweile gibt es viele Labels, die fair produzierte und gehandelte Produkte kennzeichnen. Aber wie vertrauensw\u00fcrdig sind diese Auszeichnungen? Und woher wei\u00df man eigentlich, was wirklich fair ist? Antworten auf diese Fragen und weitere Informationen erhalten Sie im Film \u201eGlobal Corporate Social Responsibility\u201c.\n\n<\/a><\/h2>\t\t\t\t<\/div>\n\t\t\t\t<\/div>\n\t\t\t\t\t<\/div>\n\t\t<\/div>\n\t\t\t\t\t<\/div>\n\t\t<\/section>\n\t\t\t\t<section class=\"elementor-section elementor-top-section elementor-element elementor-element-7a163ba2 elementor-section-boxed elementor-section-height-default elementor-section-height-default\" data-id=\"7a163ba2\" data-element_type=\"section\" data-e-type=\"section\">\n\t\t\t\t\t\t<div class=\"elementor-container elementor-column-gap-default\">\n\t\t\t\t\t<div class=\"elementor-column elementor-col-100 elementor-top-column elementor-element elementor-element-228faa2b\" data-id=\"228faa2b\" data-element_type=\"column\" data-e-type=\"column\">\n\t\t\t<div class=\"elementor-widget-wrap elementor-element-populated\">\n\t\t\t\t\t\t<div class=\"elementor-element elementor-element-7228ddec elementor-widget-divider--view-line elementor-widget elementor-widget-divider\" data-id=\"7228ddec\" data-element_type=\"widget\" data-e-type=\"widget\" data-widget_type=\"divider.default\">\n\t\t\t\t<div class=\"elementor-widget-container\">\n\t\t\t\t\t\t\t<div class=\"elementor-divider\">\n\t\t\t<span class=\"elementor-divider-separator\">\n\t\t\t\t\t\t<\/span>\n\t\t<\/div>\n\t\t\t\t\t\t<\/div>\n\t\t\t\t<\/div>\n\t\t\t\t\t<\/div>\n\t\t<\/div>\n\t\t\t\t\t<\/div>\n\t\t<\/section>\n\t\t\t\t<section class=\"elementor-section elementor-top-section elementor-element elementor-element-77d9535f elementor-section-boxed elementor-section-height-default elementor-section-height-default\" data-id=\"77d9535f\" data-element_type=\"section\" data-e-type=\"section\">\n\t\t\t\t\t\t<div class=\"elementor-container elementor-column-gap-default\">\n\t\t\t\t\t<div class=\"elementor-column elementor-col-50 elementor-top-column elementor-element elementor-element-58baba80\" data-id=\"58baba80\" data-element_type=\"column\" data-e-type=\"column\">\n\t\t\t<div class=\"elementor-widget-wrap elementor-element-populated\">\n\t\t\t\t\t\t<div class=\"elementor-element elementor-element-26834155 elementor-widget elementor-widget-image\" data-id=\"26834155\" data-element_type=\"widget\" data-e-type=\"widget\" data-widget_type=\"image.default\">\n\t\t\t\t<div class=\"elementor-widget-container\">\n\t\t\t\t\t\t\t\t\t\t\t\t\t\t\t\t<a href=\"\/videos\/businessethik\/post-merger-integration\/\">\n\t\t\t\t\t\t\t<img fetchpriority=\"high\" decoding=\"async\" width=\"400\" height=\"300\" src=\"https:\/\/crossculture-academy.com\/wp-content\/uploads\/2024\/09\/Businessethik-400x300-1.jpg\" class=\"attachment-full size-full wp-image-23778\" alt=\"\" srcset=\"https:\/\/crossculture-academy.com\/wp-content\/uploads\/2024\/09\/Businessethik-400x300-1.jpg 400w, https:\/\/crossculture-academy.com\/wp-content\/uploads\/2024\/09\/Businessethik-400x300-1-300x225.jpg 300w\" sizes=\"(max-width: 400px) 100vw, 400px\" title=\"\">\t\t\t\t\t\t\t\t<\/a>\n\t\t\t\t\t\t\t\t\t\t\t\t\t\t\t<\/div>\n\t\t\t\t<\/div>\n\t\t\t\t\t<\/div>\n\t\t<\/div>\n\t\t\t\t<div class=\"elementor-column elementor-col-50 elementor-top-column elementor-element elementor-element-7fb982f\" data-id=\"7fb982f\" data-element_type=\"column\" data-e-type=\"column\">\n\t\t\t<div class=\"elementor-widget-wrap elementor-element-populated\">\n\t\t\t\t\t\t<div class=\"elementor-element elementor-element-5c92421e elementor-widget elementor-widget-heading\" data-id=\"5c92421e\" data-element_type=\"widget\" data-e-type=\"widget\" data-widget_type=\"heading.default\">\n\t\t\t\t<div class=\"elementor-widget-container\">\n\t\t\t\t\t<h2 class=\"elementor-heading-title elementor-size-default\"><a href=\"\/videos\/businessethik\/post-merger-integration\/\">Post-Merger-Integration<\/a><\/h2>\t\t\t\t<\/div>\n\t\t\t\t<\/div>\n\t\t\t\t<div class=\"elementor-element elementor-element-5279a416 elementor-widget elementor-widget-heading\" data-id=\"5279a416\" data-element_type=\"widget\" data-e-type=\"widget\" data-widget_type=\"heading.default\">\n\t\t\t\t<div class=\"elementor-widget-container\">\n\t\t\t\t\t<h2 class=\"elementor-heading-title elementor-size-default\"><a href=\"\/videos\/businessethik\/post-merger-integration\/\">Die Statistiken sprechen f\u00fcr sich: Etwa 70 Prozent der M&amp;A scheitern in der Phase der Integration von Unternehmenskulturen. Wie Mergers and Acquisitions erfolgreich gestaltet werden und auf was man dabei achten sollte, erfahren Sie im Film \u201ePost-Merger-Integration\u201c.\n\n<\/a><\/h2>\t\t\t\t<\/div>\n\t\t\t\t<\/div>\n\t\t\t\t\t<\/div>\n\t\t<\/div>\n\t\t\t\t\t<\/div>\n\t\t<\/section>\n\t\t\t\t<\/div>\n\t\t","protected":false},"excerpt":{"rendered":"<p>Videos zu Businessethik Ethik als Erfolgsmotor im internationalen Business Es gab Zeiten, als international agierende Unternehmen Wirtschaftsethik als schm\u00fcckende Beigabe verstanden haben. Dies hat sich ge\u00e4ndert: Heute sind reflektierte, wertbewusste F\u00fchrungskr\u00e4fte, die Andersheit achten und das Eigene respektieren, ein absolutes Must have. Warum das so ist und auf was Sie in diesem Zusammenhang achten sollten, [&hellip;]<\/p>\n","protected":false},"author":1,"featured_media":0,"parent":20230,"menu_order":86,"comment_status":"closed","ping_status":"closed","template":"elementor_header_footer","meta":{"_acf_changed":false,"_improvement_type_select":"improve_an_existing","_thumb_yes_seoaic":false,"_frame_yes_seoaic":false,"seoaic_generate_description":"","seoaic_improve_instructions_prompt":"","seoaic_rollback_content_improvement":"","seoaic_idea_thumbnail_generator":"","thumbnail_generated":false,"thumbnail_generate_prompt":"","seoaic_article_description":"","footnotes":""},"class_list":["post-23763","page","type-page","status-publish","hentry"],"acf":[],"_links":{"self":[{"href":"https:\/\/crossculture-academy.com\/de\/wp-json\/wp\/v2\/pages\/23763","targetHints":{"allow":["GET"]}}],"collection":[{"href":"https:\/\/crossculture-academy.com\/de\/wp-json\/wp\/v2\/pages"}],"about":[{"href":"https:\/\/crossculture-academy.com\/de\/wp-json\/wp\/v2\/types\/page"}],"author":[{"embeddable":true,"href":"https:\/\/crossculture-academy.com\/de\/wp-json\/wp\/v2\/users\/1"}],"replies":[{"embeddable":true,"href":"https:\/\/crossculture-academy.com\/de\/wp-json\/wp\/v2\/comments?post=23763"}],"version-history":[{"count":0,"href":"https:\/\/crossculture-academy.com\/de\/wp-json\/wp\/v2\/pages\/23763\/revisions"}],"up":[{"embeddable":true,"href":"https:\/\/crossculture-academy.com\/de\/wp-json\/wp\/v2\/pages\/20230"}],"wp:attachment":[{"href":"https:\/\/crossculture-academy.com\/de\/wp-json\/wp\/v2\/media?parent=23763"}],"curies":[{"name":"wp","href":"https:\/\/api.w.org\/{rel}","templated":true}]}}